{"id":7416,"date":"2021-02-24T19:47:50","date_gmt":"2021-02-24T22:47:50","guid":{"rendered":"https:\/\/grupodecrescimento.com.br\/startup\/?page_id=7416"},"modified":"2021-02-25T00:41:29","modified_gmt":"2021-02-25T03:41:29","slug":"gorette-pg-1","status":"publish","type":"page","link":"https:\/\/grupodecrescimento.com.br\/startup\/gorette-pg-1\/","title":{"rendered":"Gorette pg 1"},"content":{"rendered":"\t\t<div data-elementor-type=\"wp-page\" data-elementor-id=\"7416\" class=\"elementor elementor-7416\" data-elementor-post-type=\"page\">\n\t\t\t\t\t\t<section class=\"elementor-section elementor-top-section elementor-element elementor-element-5c95821 elementor-section-height-min-height elementor-section-boxed elementor-section-height-default elementor-section-items-middle\" data-id=\"5c95821\" data-element_type=\"section\" data-settings=\"{&quot;background_background&quot;:&quot;classic&quot;}\">\n\t\t\t\t\t\t<div class=\"elementor-container elementor-column-gap-default\">\n\t\t\t\t\t<div class=\"elementor-column elementor-col-100 elementor-top-column elementor-element elementor-element-2e31757\" data-id=\"2e31757\" data-element_type=\"column\">\n\t\t\t<div class=\"elementor-widget-wrap elementor-element-populated\">\n\t\t\t\t\t\t<div class=\"elementor-element elementor-element-e27fca0 elementor-widget elementor-widget-html\" data-id=\"e27fca0\" data-element_type=\"widget\" data-widget_type=\"html.default\">\n\t\t\t\t<div class=\"elementor-widget-container\">\n\t\t\t\t\t<!-- pixel grupo de grescimento -->\n<script>\n    (function(w,d,t,u,n,a,m){w['MauticTrackingObject']=n;\n        w[n]=w[n]||function(){(w[n].q=w[n].q||[]).push(arguments)},a=d.createElement(t),\n        m=d.getElementsByTagName(t)[0];a.async=1;a.src=u;m.parentNode.insertBefore(a,m)\n    })(window,document,'script','https:\/\/mail.grupodecrescimento.com.br\/mtc.js','mt');\n\n    mt('send', 'pageview');\n<\/script>\n\n<!-- End pixel grupo de grescimento -->\t\t\t\t<\/div>\n\t\t\t\t<\/div>\n\t\t\t\t\t<\/div>\n\t\t<\/div>\n\t\t\t\t\t<\/div>\n\t\t<\/section>\n\t\t\t\t<section class=\"elementor-section elementor-top-section elementor-element elementor-element-b7ccf14 elementor-section-boxed elementor-section-height-default elementor-section-height-default\" data-id=\"b7ccf14\" data-element_type=\"section\" data-settings=\"{&quot;background_background&quot;:&quot;classic&quot;}\">\n\t\t\t\t\t\t<div class=\"elementor-container elementor-column-gap-default\">\n\t\t\t\t\t<div class=\"elementor-column elementor-col-100 elementor-top-column elementor-element elementor-element-8847ef7\" data-id=\"8847ef7\" data-element_type=\"column\">\n\t\t\t<div class=\"elementor-widget-wrap elementor-element-populated\">\n\t\t\t\t\t\t<div class=\"elementor-element elementor-element-e1c341d elementor-widget elementor-widget-spacer\" data-id=\"e1c341d\" data-element_type=\"widget\" data-widget_type=\"spacer.default\">\n\t\t\t\t<div class=\"elementor-widget-container\">\n\t\t\t\t\t\t\t<div class=\"elementor-spacer\">\n\t\t\t<div class=\"elementor-spacer-inner\"><\/div>\n\t\t<\/div>\n\t\t\t\t\t\t<\/div>\n\t\t\t\t<\/div>\n\t\t\t\t<div class=\"elementor-element elementor-element-6d3369b elementor-widget elementor-widget-video\" data-id=\"6d3369b\" data-element_type=\"widget\" data-settings=\"{&quot;autoplay&quot;:&quot;yes&quot;,&quot;video_type&quot;:&quot;vimeo&quot;}\" data-widget_type=\"video.default\">\n\t\t\t\t<div class=\"elementor-widget-container\">\n\t\t\t\t\t\t\t<div class=\"elementor-wrapper elementor-open-inline\">\n\t\t\t<iframe class=\"elementor-video-iframe\" allowfullscreen allow=\"autoplay\" title=\"Reprodutor de v\u00eddeo vimeo\" src=\"https:\/\/player.vimeo.com\/video\/515887118?autoplay=1&amp;color&amp;autopause=0&amp;loop=0&amp;muted=0&amp;title=0&amp;portrait=0&amp;byline=0#t=\"><\/iframe>\t\t<\/div>\n\t\t\t\t\t\t<\/div>\n\t\t\t\t<\/div>\n\t\t\t\t<div class=\"elementor-element elementor-element-a7fbb59 elementor-align-center elementor-widget elementor-widget-button\" data-id=\"a7fbb59\" data-element_type=\"widget\" data-widget_type=\"button.default\">\n\t\t\t\t<div class=\"elementor-widget-container\">\n\t\t\t\t\t\t\t\t\t<div class=\"elementor-button-wrapper\">\n\t\t\t\t\t<a class=\"elementor-button elementor-button-link elementor-size-xl\" href=\"https:\/\/grupodecrescimento.com.br\/startup\/gorette-form\/\">\n\t\t\t\t\t\t<span class=\"elementor-button-content-wrapper\">\n\t\t\t\t\t\t\t\t\t<span class=\"elementor-button-text\">Participe  Agora<\/span>\n\t\t\t\t\t<\/span>\n\t\t\t\t\t<\/a>\n\t\t\t\t<\/div>\n\t\t\t\t\t\t\t\t<\/div>\n\t\t\t\t<\/div>\n\t\t\t\t\t<\/div>\n\t\t<\/div>\n\t\t\t\t\t<\/div>\n\t\t<\/section>\n\t\t\t\t<section class=\"elementor-section elementor-top-section elementor-element elementor-element-38bc8bb5 elementor-section-content-middle elementor-section-boxed elementor-section-height-default elementor-section-height-default\" data-id=\"38bc8bb5\" data-element_type=\"section\">\n\t\t\t\t\t\t<div class=\"elementor-container elementor-column-gap-no\">\n\t\t\t\t\t<div class=\"elementor-column elementor-col-100 elementor-top-column elementor-element elementor-element-49e1cc47\" data-id=\"49e1cc47\" data-element_type=\"column\">\n\t\t\t<div class=\"elementor-widget-wrap elementor-element-populated\">\n\t\t\t\t\t\t<div class=\"elementor-element elementor-element-49c396b elementor-shape-rounded elementor-grid-0 e-grid-align-center elementor-widget elementor-widget-social-icons\" data-id=\"49c396b\" data-element_type=\"widget\" data-widget_type=\"social-icons.default\">\n\t\t\t\t<div class=\"elementor-widget-container\">\n\t\t\t\t\t\t\t<div class=\"elementor-social-icons-wrapper elementor-grid\" role=\"list\">\n\t\t\t\t\t\t\t<span class=\"elementor-grid-item\" role=\"listitem\">\n\t\t\t\t\t<a class=\"elementor-icon elementor-social-icon elementor-social-icon-whatsapp elementor-repeater-item-0f55b7a\" href=\"https:\/\/api.whatsapp.com\/send?phone=5581999169005\" target=\"_blank\">\n\t\t\t\t\t\t<span class=\"elementor-screen-only\">Whatsapp<\/span>\n\t\t\t\t\t\t<i class=\"fab fa-whatsapp\"><\/i>\t\t\t\t\t<\/a>\n\t\t\t\t<\/span>\n\t\t\t\t\t\t\t<span class=\"elementor-grid-item\" role=\"listitem\">\n\t\t\t\t\t<a class=\"elementor-icon elementor-social-icon elementor-social-icon-instagram elementor-repeater-item-51691d2\" href=\"https:\/\/www.instagram.com\/jeanycarvalho.coach\/\" target=\"_blank\">\n\t\t\t\t\t\t<span class=\"elementor-screen-only\">Instagram<\/span>\n\t\t\t\t\t\t<i class=\"fab fa-instagram\"><\/i>\t\t\t\t\t<\/a>\n\t\t\t\t<\/span>\n\t\t\t\t\t\t\t<span class=\"elementor-grid-item\" role=\"listitem\">\n\t\t\t\t\t<a class=\"elementor-icon elementor-social-icon elementor-social-icon-facebook elementor-repeater-item-10361eb\" target=\"_blank\">\n\t\t\t\t\t\t<span class=\"elementor-screen-only\">Facebook<\/span>\n\t\t\t\t\t\t<i class=\"fab fa-facebook\"><\/i>\t\t\t\t\t<\/a>\n\t\t\t\t<\/span>\n\t\t\t\t\t\t\t<span class=\"elementor-grid-item\" role=\"listitem\">\n\t\t\t\t\t<a class=\"elementor-icon elementor-social-icon elementor-social-icon-telegram elementor-repeater-item-0f119d0\" href=\"https:\/\/t.me\/edmomagalhaes\" target=\"_blank\">\n\t\t\t\t\t\t<span class=\"elementor-screen-only\">Telegram<\/span>\n\t\t\t\t\t\t<i class=\"fab fa-telegram\"><\/i>\t\t\t\t\t<\/a>\n\t\t\t\t<\/span>\n\t\t\t\t\t<\/div>\n\t\t\t\t\t\t<\/div>\n\t\t\t\t<\/div>\n\t\t\t\t<div class=\"elementor-element elementor-element-72eaef0 elementor-widget elementor-widget-image\" data-id=\"72eaef0\" data-element_type=\"widget\" data-widget_type=\"image.default\">\n\t\t\t\t<div class=\"elementor-widget-container\">\n\t\t\t\t\t\t\t\t\t\t\t\t\t\t\t<img fetchpriority=\"high\" decoding=\"async\" width=\"1024\" height=\"1024\" src=\"https:\/\/grupodecrescimento.com.br\/startup\/wp-content\/uploads\/2021\/02\/Foto-de-Jeany-Carvalho-1024x1024.png\" class=\"attachment-large size-large wp-image-7120\" alt=\"\" srcset=\"https:\/\/grupodecrescimento.com.br\/startup\/wp-content\/uploads\/2021\/02\/Foto-de-Jeany-Carvalho-1024x1024.png 1024w, https:\/\/grupodecrescimento.com.br\/startup\/wp-content\/uploads\/2021\/02\/Foto-de-Jeany-Carvalho-300x300.png 300w, https:\/\/grupodecrescimento.com.br\/startup\/wp-content\/uploads\/2021\/02\/Foto-de-Jeany-Carvalho-150x150.png 150w, https:\/\/grupodecrescimento.com.br\/startup\/wp-content\/uploads\/2021\/02\/Foto-de-Jeany-Carvalho-768x768.png 768w, https:\/\/grupodecrescimento.com.br\/startup\/wp-content\/uploads\/2021\/02\/Foto-de-Jeany-Carvalho-24x24.png 24w, https:\/\/grupodecrescimento.com.br\/startup\/wp-content\/uploads\/2021\/02\/Foto-de-Jeany-Carvalho-48x48.png 48w, https:\/\/grupodecrescimento.com.br\/startup\/wp-content\/uploads\/2021\/02\/Foto-de-Jeany-Carvalho-96x96.png 96w, https:\/\/grupodecrescimento.com.br\/startup\/wp-content\/uploads\/2021\/02\/Foto-de-Jeany-Carvalho.png 1080w\" sizes=\"(max-width: 1024px) 100vw, 1024px\" \/>\t\t\t\t\t\t\t\t\t\t\t\t\t\t\t<\/div>\n\t\t\t\t<\/div>\n\t\t\t\t<div class=\"elementor-element elementor-element-b776a37 elementor-widget elementor-widget-heading\" data-id=\"b776a37\" data-element_type=\"widget\" data-widget_type=\"heading.default\">\n\t\t\t\t<div class=\"elementor-widget-container\">\n\t\t\t\t\t<h4 class=\"elementor-heading-title elementor-size-default\">Quem \u00e9 Jeany Carvalho<\/h4>\t\t\t\t<\/div>\n\t\t\t\t<\/div>\n\t\t\t\t<div class=\"elementor-element elementor-element-7610f0c8 elementor-widget elementor-widget-text-editor\" data-id=\"7610f0c8\" data-element_type=\"widget\" data-widget_type=\"text-editor.default\">\n\t\t\t\t<div class=\"elementor-widget-container\">\n\t\t\t\t\t\t\t\t\t<h4 style=\"text-align: left;\">Mulher sens\u00edvel e contemplativa, que busca viver de forma plena seus papeis de m\u00e3e, esposa, filha e profissional, conservando sua ess\u00eancia.<\/h4>\n<div style=\"text-align: left;\">&nbsp;<span style=\"color: #000000; font-family: Merriweather, Roboto, helvetica, 'helvetica neue', arial, sans-serif; font-size: 18px; font-weight: bold;\">A determina\u00e7\u00e3o \u00e9 um recurso presente em sua trajet\u00f3ria.<\/span><br><span style=\"color: #000000; font-family: Merriweather, Roboto, helvetica, 'helvetica neue', arial, sans-serif; font-size: 18px; font-weight: bold;\">Sendo crist\u00e3, busca orienta\u00e7\u00e3o divina para conduzir sua vida e daqueles cujas vidas lhe \u00e9 confiada.<\/span><\/div>\n<h4 style=\"text-align: left;\">Como Coach vive sua miss\u00e3o, construir um mundo melhor, despertando no ser humano a import\u00e2ncia da fam\u00edlia como c\u00e9lula de transforma\u00e7\u00e3o da sociedade.<\/h4>\n<div style=\"text-align: left;\">&nbsp;<span style=\"color: #000000; font-family: Merriweather, Roboto, helvetica, 'helvetica neue', arial, sans-serif; font-size: 18px; font-weight: bold;\">Desenvolveu estrat\u00e9gias para destravar limita\u00e7\u00f5es emocionais que impedem pessoas de se conectarem com sua ess\u00eancia. Seu m\u00e9todo&nbsp; desperta o poder que h\u00e1 em cada ser ajudando-o a viver o seu prop\u00f3sito de forma plena e feliz.<\/span><\/div>\t\t\t\t\t\t\t\t<\/div>\n\t\t\t\t<\/div>\n\t\t\t\t\t<\/div>\n\t\t<\/div>\n\t\t\t\t\t<\/div>\n\t\t<\/section>\n\t\t\t\t<\/div>\n\t\t","protected":false},"excerpt":{"rendered":"<p>Participe Agora Whatsapp Instagram Facebook Telegram Quem \u00e9 Jeany Carvalho Mulher sens\u00edvel e contemplativa, que busca viver de forma plena [&hellip;]<\/p>\n","protected":false},"author":104,"featured_media":0,"parent":0,"menu_order":229,"comment_status":"closed","ping_status":"closed","template":"elementor_canvas","meta":{"footnotes":""},"folder":[259],"class_list":["post-7416","page","type-page","status-publish","hentry","entry"],"_links":{"self":[{"href":"https:\/\/grupodecrescimento.com.br\/startup\/wp-json\/wp\/v2\/pages\/7416","targetHints":{"allow":["GET"]}}],"collection":[{"href":"https:\/\/grupodecrescimento.com.br\/startup\/wp-json\/wp\/v2\/pages"}],"about":[{"href":"https:\/\/grupodecrescimento.com.br\/startup\/wp-json\/wp\/v2\/types\/page"}],"author":[{"embeddable":true,"href":"https:\/\/grupodecrescimento.com.br\/startup\/wp-json\/wp\/v2\/users\/104"}],"replies":[{"embeddable":true,"href":"https:\/\/grupodecrescimento.com.br\/startup\/wp-json\/wp\/v2\/comments?post=7416"}],"version-history":[{"count":4,"href":"https:\/\/grupodecrescimento.com.br\/startup\/wp-json\/wp\/v2\/pages\/7416\/revisions"}],"predecessor-version":[{"id":7452,"href":"https:\/\/grupodecrescimento.com.br\/startup\/wp-json\/wp\/v2\/pages\/7416\/revisions\/7452"}],"wp:attachment":[{"href":"https:\/\/grupodecrescimento.com.br\/startup\/wp-json\/wp\/v2\/media?parent=7416"}],"wp:term":[{"taxonomy":"folder","embeddable":true,"href":"https:\/\/grupodecrescimento.com.br\/startup\/wp-json\/wp\/v2\/folder?post=7416"}],"curies":[{"name":"wp","href":"https:\/\/api.w.org\/{rel}","templated":true}]}}