{"id":15557,"date":"2023-06-14T12:27:13","date_gmt":"2023-06-14T15:27:13","guid":{"rendered":"https:\/\/grupodecrescimento.com.br\/startup\/?page_id=15557"},"modified":"2023-07-29T01:11:33","modified_gmt":"2023-07-29T04:11:33","slug":"holdingfamiliareasolucao","status":"publish","type":"page","link":"https:\/\/grupodecrescimento.com.br\/startup\/holdingfamiliareasolucao\/","title":{"rendered":"Holding Familiar \u00e9 a Solu\u00e7\u00e3o"},"content":{"rendered":"\t\t<div data-elementor-type=\"wp-page\" data-elementor-id=\"15557\" class=\"elementor elementor-15557\" data-elementor-post-type=\"page\">\n\t\t\t\t\t\t<section class=\"elementor-section elementor-top-section elementor-element elementor-element-4c50cd17 elementor-section-boxed elementor-section-height-default elementor-section-height-default\" data-id=\"4c50cd17\" data-element_type=\"section\" data-settings=\"{&quot;background_background&quot;:&quot;gradient&quot;}\">\n\t\t\t\t\t\t\t<div class=\"elementor-background-overlay\"><\/div>\n\t\t\t\t\t\t\t<div class=\"elementor-container elementor-column-gap-default\">\n\t\t\t\t\t<div class=\"elementor-column elementor-col-100 elementor-top-column elementor-element elementor-element-282d8bf0\" data-id=\"282d8bf0\" data-element_type=\"column\">\n\t\t\t<div class=\"elementor-widget-wrap elementor-element-populated\">\n\t\t\t\t\t\t<div class=\"elementor-element elementor-element-c13f9ba elementor-widget elementor-widget-image\" data-id=\"c13f9ba\" data-element_type=\"widget\" data-widget_type=\"image.default\">\n\t\t\t\t<div class=\"elementor-widget-container\">\n\t\t\t\t\t\t\t\t\t\t\t\t\t\t\t<img decoding=\"async\" src=\"https:\/\/grupodecrescimento.com.br\/startup\/wp-content\/uploads\/2023\/06\/Captura-de-Tela-2023-06-14-a\u0300s-12.34.58-96x96.png\" title=\"Captura de Tela 2023-06-14 a\u0300s 12.34.58\" alt=\"Captura de Tela 2023-06-14 a\u0300s 12.34.58\" loading=\"lazy\" \/>\t\t\t\t\t\t\t\t\t\t\t\t\t\t\t<\/div>\n\t\t\t\t<\/div>\n\t\t\t\t<div class=\"elementor-element elementor-element-3e370a8 elementor-widget elementor-widget-image\" data-id=\"3e370a8\" data-element_type=\"widget\" data-widget_type=\"image.default\">\n\t\t\t\t<div class=\"elementor-widget-container\">\n\t\t\t\t\t\t\t\t\t\t\t\t\t\t\t<img decoding=\"async\" src=\"https:\/\/grupodecrescimento.com.br\/startup\/wp-content\/uploads\/2023\/06\/Joa\u0303o-Carlos-1-300x300.png\" title=\"Joa\u0303o Carlos\" alt=\"Joa\u0303o Carlos\" loading=\"lazy\" \/>\t\t\t\t\t\t\t\t\t\t\t\t\t\t\t<\/div>\n\t\t\t\t<\/div>\n\t\t\t\t<div class=\"elementor-element elementor-element-ec2ed6a elementor-widget elementor-widget-heading\" data-id=\"ec2ed6a\" data-element_type=\"widget\" data-widget_type=\"heading.default\">\n\t\t\t\t<div class=\"elementor-widget-container\">\n\t\t\t\t\t<h3 class=\"elementor-heading-title elementor-size-default\">HOLDING FAMILIAR<\/h3>\t\t\t\t<\/div>\n\t\t\t\t<\/div>\n\t\t\t\t<div class=\"elementor-element elementor-element-7b200e6d elementor-widget elementor-widget-heading\" data-id=\"7b200e6d\" data-element_type=\"widget\" data-widget_type=\"heading.default\">\n\t\t\t\t<div class=\"elementor-widget-container\">\n\t\t\t\t\t<h3 class=\"elementor-heading-title elementor-size-default\">\u00c9 A SOLU\u00c7\u00c3O<\/h3>\t\t\t\t<\/div>\n\t\t\t\t<\/div>\n\t\t\t\t<div class=\"elementor-element elementor-element-6d43b98 elementor-widget elementor-widget-html\" data-id=\"6d43b98\" data-element_type=\"widget\" data-widget_type=\"html.default\">\n\t\t\t\t<div class=\"elementor-widget-container\">\n\t\t\t\t\t<div style=\"position: relative; padding-bottom: 56.25%; height: 0; \"><iframe src=\"https:\/\/www.loom.com\/embed\/e4136a9f2e6a4af29f880440cb25006e?hide_owner=true&hide_share=true&hide_title=true&hideEmbedTopBar=true\" frameborder=\"0\" webkitallowfullscreen mozallowfullscreen allowfullscreen style=\"position: absolute; top: 0; left: 0; width: 100%; height: 100%;\"><\/iframe><\/div>\t\t\t\t<\/div>\n\t\t\t\t<\/div>\n\t\t\t\t<div class=\"elementor-element elementor-element-727b47b elementor-widget elementor-widget-heading\" data-id=\"727b47b\" data-element_type=\"widget\" data-widget_type=\"heading.default\">\n\t\t\t\t<div class=\"elementor-widget-container\">\n\t\t\t\t\t<h3 class=\"elementor-heading-title elementor-size-default\">CARLOS J\u00daNIOR<\/h3>\t\t\t\t<\/div>\n\t\t\t\t<\/div>\n\t\t\t\t<div class=\"elementor-element elementor-element-86029e7 elementor-widget elementor-widget-heading\" data-id=\"86029e7\" data-element_type=\"widget\" data-widget_type=\"heading.default\">\n\t\t\t\t<div class=\"elementor-widget-container\">\n\t\t\t\t\t<div class=\"elementor-heading-title elementor-size-default\">Advogado inscrito na OAB-CE sob o n\u00famero 14152. Atendimento 100% digital.  Atendimento presencial a combinar - pr\u00f3pria sede da OAB em qualquer capital do pa\u00eds.<\/div>\t\t\t\t<\/div>\n\t\t\t\t<\/div>\n\t\t\t\t\t<\/div>\n\t\t<\/div>\n\t\t\t\t\t<\/div>\n\t\t<\/section>\n\t\t\t\t<section class=\"elementor-section elementor-top-section elementor-element elementor-element-5446ed22 elementor-section-boxed elementor-section-height-default elementor-section-height-default\" data-id=\"5446ed22\" data-element_type=\"section\" data-settings=\"{&quot;background_background&quot;:&quot;classic&quot;}\">\n\t\t\t\t\t\t<div class=\"elementor-container elementor-column-gap-default\">\n\t\t\t\t\t<div class=\"elementor-column elementor-col-100 elementor-top-column elementor-element elementor-element-31f386df\" data-id=\"31f386df\" data-element_type=\"column\">\n\t\t\t<div class=\"elementor-widget-wrap elementor-element-populated\">\n\t\t\t\t\t\t<div class=\"elementor-element elementor-element-2ece34e elementor-shape-rounded elementor-grid-0 e-grid-align-center elementor-widget elementor-widget-social-icons\" data-id=\"2ece34e\" data-element_type=\"widget\" data-widget_type=\"social-icons.default\">\n\t\t\t\t<div class=\"elementor-widget-container\">\n\t\t\t\t\t\t\t<div class=\"elementor-social-icons-wrapper elementor-grid\" role=\"list\">\n\t\t\t\t\t\t\t<span class=\"elementor-grid-item\" role=\"listitem\">\n\t\t\t\t\t<a class=\"elementor-icon elementor-social-icon elementor-social-icon-instagram elementor-repeater-item-1a34ddc\" href=\"https:\/\/www.instagram.com\/carlosjunior1405\" target=\"_blank\">\n\t\t\t\t\t\t<span class=\"elementor-screen-only\">Instagram<\/span>\n\t\t\t\t\t\t<i class=\"fab fa-instagram\"><\/i>\t\t\t\t\t<\/a>\n\t\t\t\t<\/span>\n\t\t\t\t\t\t\t<span class=\"elementor-grid-item\" role=\"listitem\">\n\t\t\t\t\t<a class=\"elementor-icon elementor-social-icon elementor-social-icon-facebook elementor-repeater-item-55969e1\" href=\"http:\/\/facebook.com\/AdvCarlosJr\" target=\"_blank\">\n\t\t\t\t\t\t<span class=\"elementor-screen-only\">Facebook<\/span>\n\t\t\t\t\t\t<i class=\"fab fa-facebook\"><\/i>\t\t\t\t\t<\/a>\n\t\t\t\t<\/span>\n\t\t\t\t\t\t\t<span class=\"elementor-grid-item\" role=\"listitem\">\n\t\t\t\t\t<a class=\"elementor-icon elementor-social-icon elementor-social-icon-youtube elementor-repeater-item-25f8252\" href=\"https:\/\/youtube.com\/@CarlosJuniorAdv\" target=\"_blank\">\n\t\t\t\t\t\t<span class=\"elementor-screen-only\">Youtube<\/span>\n\t\t\t\t\t\t<i class=\"fab fa-youtube\"><\/i>\t\t\t\t\t<\/a>\n\t\t\t\t<\/span>\n\t\t\t\t\t<\/div>\n\t\t\t\t\t\t<\/div>\n\t\t\t\t<\/div>\n\t\t\t\t\t<\/div>\n\t\t<\/div>\n\t\t\t\t\t<\/div>\n\t\t<\/section>\n\t\t\t\t<section class=\"elementor-section elementor-top-section elementor-element elementor-element-1fb2635 elementor-section-boxed elementor-section-height-default elementor-section-height-default\" data-id=\"1fb2635\" data-element_type=\"section\">\n\t\t\t\t\t\t<div class=\"elementor-container elementor-column-gap-default\">\n\t\t\t\t\t<div class=\"elementor-column elementor-col-33 elementor-top-column elementor-element elementor-element-17f90ca\" data-id=\"17f90ca\" data-element_type=\"column\">\n\t\t\t<div class=\"elementor-widget-wrap\">\n\t\t\t\t\t\t\t<\/div>\n\t\t<\/div>\n\t\t\t\t<div class=\"elementor-column elementor-col-33 elementor-top-column elementor-element elementor-element-8a93e3d\" data-id=\"8a93e3d\" data-element_type=\"column\">\n\t\t\t<div class=\"elementor-widget-wrap elementor-element-populated\">\n\t\t\t\t\t\t<div class=\"elementor-element elementor-element-68e5dfb elementor-align-justify elementor-invisible elementor-widget elementor-widget-button\" data-id=\"68e5dfb\" data-element_type=\"widget\" data-settings=\"{&quot;_animation&quot;:&quot;pulse&quot;}\" data-widget_type=\"button.default\">\n\t\t\t\t<div class=\"elementor-widget-container\">\n\t\t\t\t\t\t\t\t\t<div class=\"elementor-button-wrapper\">\n\t\t\t\t\t<a class=\"elementor-button elementor-button-link elementor-size-lg\" href=\"https:\/\/api.whatsapp.com\/send?phone=5585992830840&#038;text=Ol\u00e1.%20Gostaria%20de%20saber%20mais%20sobre%20holding%20familiar\" target=\"_blank\">\n\t\t\t\t\t\t<span class=\"elementor-button-content-wrapper\">\n\t\t\t\t\t\t\t\t\t<span class=\"elementor-button-text\">PRIMEIRO PASSO<\/span>\n\t\t\t\t\t<\/span>\n\t\t\t\t\t<\/a>\n\t\t\t\t<\/div>\n\t\t\t\t\t\t\t\t<\/div>\n\t\t\t\t<\/div>\n\t\t\t\t\t<\/div>\n\t\t<\/div>\n\t\t\t\t<div class=\"elementor-column elementor-col-33 elementor-top-column elementor-element elementor-element-2736685\" data-id=\"2736685\" data-element_type=\"column\">\n\t\t\t<div class=\"elementor-widget-wrap\">\n\t\t\t\t\t\t\t<\/div>\n\t\t<\/div>\n\t\t\t\t\t<\/div>\n\t\t<\/section>\n\t\t\t\t<section class=\"elementor-section elementor-top-section elementor-element elementor-element-131d9c1b elementor-section-boxed elementor-section-height-default elementor-section-height-default\" data-id=\"131d9c1b\" data-element_type=\"section\">\n\t\t\t\t\t\t<div class=\"elementor-container elementor-column-gap-default\">\n\t\t\t\t\t<div class=\"elementor-column elementor-col-100 elementor-top-column elementor-element elementor-element-4a707e8d\" data-id=\"4a707e8d\" data-element_type=\"column\">\n\t\t\t<div class=\"elementor-widget-wrap elementor-element-populated\">\n\t\t\t\t\t\t<div class=\"elementor-element elementor-element-54a87ef elementor-widget elementor-widget-heading\" data-id=\"54a87ef\" data-element_type=\"widget\" data-widget_type=\"heading.default\">\n\t\t\t\t<div class=\"elementor-widget-container\">\n\t\t\t\t\t<h2 class=\"elementor-heading-title elementor-size-default\">Advocacia especializada em Planejamento Patrimonial da Fam\u00edlia atrav\u00e9s do Sistema de\nHolding Familiar. Esse sistema protege o\npatrim\u00f4nio e organiza o poder de\nadministra\u00e7\u00e3o dos bens da fam\u00edlia. O\nSistema de Holding Familiar pode ser at\u00e9\n90% mais barato que o processo de\ninvent\u00e1rio, gerando para a fam\u00edlia uma\nabsurda economia tribut\u00e1ria, al\u00e9m da\nmanuten\u00e7\u00e3o da harmonia entre seus membros.\n<br>\n<br>\nBreve conceito de Holding Familiar.\n\u00c9 uma pessoa jur\u00eddica (empresa) criada com\nfundamento na Lei n\u00b0\n6.404\/76 que n\u00e3o exerce atividade econ\u00f4mica e que serve de\ncofre para guardar e administrar os bens da\nfam\u00edlia.\nDepois de transferidos os bens da pessoa\nf\u00edsica (propriet\u00e1ria) para a pessoa jur\u00eddica, obt\u00e9m-se benef\u00edcios fiscais e faz-se o\nplanejamento da transfer\u00eancia da titularidade\n do poder sobre os referidos bens aos futuros legitimados legais ap\u00f3s o falecimento dos\ns\u00f3cios, sem qualquer interven\u00e7\u00e3o necess\u00e1ria do Poder Judici\u00e1rio.<\/h2>\t\t\t\t<\/div>\n\t\t\t\t<\/div>\n\t\t\t\t\t<\/div>\n\t\t<\/div>\n\t\t\t\t\t<\/div>\n\t\t<\/section>\n\t\t\t\t<section class=\"elementor-section elementor-top-section elementor-element elementor-element-665e8575 elementor-section-boxed elementor-section-height-default elementor-section-height-default\" data-id=\"665e8575\" data-element_type=\"section\">\n\t\t\t\t\t\t<div class=\"elementor-container elementor-column-gap-default\">\n\t\t\t\t\t<div class=\"elementor-column elementor-col-100 elementor-top-column elementor-element elementor-element-3333045c\" data-id=\"3333045c\" data-element_type=\"column\">\n\t\t\t<div class=\"elementor-widget-wrap elementor-element-populated\">\n\t\t\t\t\t\t<div class=\"elementor-element elementor-element-dfc8e80 elementor-widget elementor-widget-heading\" data-id=\"dfc8e80\" data-element_type=\"widget\" data-widget_type=\"heading.default\">\n\t\t\t\t<div class=\"elementor-widget-container\">\n\t\t\t\t\t<h3 class=\"elementor-heading-title elementor-size-default\">Perguntas e respostas de esclarecimento:<\/h3>\t\t\t\t<\/div>\n\t\t\t\t<\/div>\n\t\t\t\t<div class=\"elementor-element elementor-element-14027f3 elementor-widget elementor-widget-eael-feature-list\" data-id=\"14027f3\" data-element_type=\"widget\" data-widget_type=\"eael-feature-list.default\">\n\t\t\t\t<div class=\"elementor-widget-container\">\n\t\t\t\t\t\t\t<div class=\"-icon-position-left -tablet-icon-position-left -mobile-icon-position-left\">\n\t\t\t<ul id=\"eael-feature-list-14027f3\" class=\"eael-feature-list-items circle stacked  eael-feature-list-vertical\" data-layout-tablet=\"vertical\" data-layout-mobile=\"vertical\">\n\t\t\t                <li class=\"eael-feature-list-item elementor-repeater-item-8a0e451\">\n                    \n\t\t\t\t\t\t<div class=\"eael-feature-list-icon-box\">\n\t\t\t\t\t\t\t<div class=\"eael-feature-list-icon-inner\">\n\n\t\t\t\t\t\t\t\t<span class=\"eael-feature-list-icon fl-icon-0\">\n\n\t\t<i aria-hidden=\"true\" class=\"fas fa-check\"><\/i>\t\t\t\t\t\t\t\t<\/span>\n\t\t\t\t\t\t\t<\/div>\n\t\t\t\t\t\t<\/div>\n\t\t\t\t\t\t<div class=\"eael-feature-list-content-box\">\n                            <h2 class=\"eael-feature-list-title\">Como se dar\u00e1 o atendimento aos clientes do escrit\u00f3rio?<\/h2>\t\t\t\t\t\t<p class=\"eael-feature-list-content\">A tecnologia permite atendimento on line de qualquer cidade do pa\u00eds (ou do\nmundo). No entanto, se for uma necessidade\ndo cliente, fazemos tamb\u00e9m atendimento presencial.<\/p>\n\t\t\t\t\t\t<\/div>\n\n\t\t\t\t\t<\/li>\n\t\t\t\t                <li class=\"eael-feature-list-item elementor-repeater-item-d4a65ca\">\n                    \n\t\t\t\t\t\t<div class=\"eael-feature-list-icon-box\">\n\t\t\t\t\t\t\t<div class=\"eael-feature-list-icon-inner\">\n\n\t\t\t\t\t\t\t\t<span class=\"eael-feature-list-icon fl-icon-1\">\n\n\t\t<i aria-hidden=\"true\" class=\"fas fa-check\"><\/i>\t\t\t\t\t\t\t\t<\/span>\n\t\t\t\t\t\t\t<\/div>\n\t\t\t\t\t\t<\/div>\n\t\t\t\t\t\t<div class=\"eael-feature-list-content-box\">\n                            <h2 class=\"eael-feature-list-title\"> A partir de que valor patrimonial vale \u00e0 pena fazer uma holding familiar?<\/h2>\t\t\t\t\t\t<p class=\"eael-feature-list-content\">Pela minha experi\u00eancia profissional, a partir de duzentos mil reais de patrim\u00f4nio \u00e9 poss\u00edvel obter vantagem econ\u00f4mica consider\u00e1vel com o sistema de holding familiar.<\/p>\n\t\t\t\t\t\t<\/div>\n\n\t\t\t\t\t<\/li>\n\t\t\t\t                <li class=\"eael-feature-list-item elementor-repeater-item-015612f\">\n                    \n\t\t\t\t\t\t<div class=\"eael-feature-list-icon-box\">\n\t\t\t\t\t\t\t<div class=\"eael-feature-list-icon-inner\">\n\n\t\t\t\t\t\t\t\t<span class=\"eael-feature-list-icon fl-icon-2\">\n\n\t\t<i aria-hidden=\"true\" class=\"fas fa-check\"><\/i>\t\t\t\t\t\t\t\t<\/span>\n\t\t\t\t\t\t\t<\/div>\n\t\t\t\t\t\t<\/div>\n\t\t\t\t\t\t<div class=\"eael-feature-list-content-box\">\n                            <h2 class=\"eael-feature-list-title\">O que tenho que fazer para come\u00e7ar a fazer  uma holding familiar?<\/h2>\t\t\t\t\t\t<p class=\"eael-feature-list-content\">A fase essencial e mais importante \u00e9 a SESS\u00c3O DE\nVIABILIDADE, pois nesse momento o advogado ouve a fam\u00edlia no que diz respeito\nao patrim\u00f4nio (bens m\u00f3veis e im\u00f3veis), ao objetivo familiar permitido por lei e \u00e0s pessoas que comp\u00f5em o n\u00facleo familiar. \u00c9 essa fase inicial que vai tornar poss\u00edvel a\nelabora\u00e7\u00e3o (segunda fase) de v\u00e1rios modelos para constitui\u00e7\u00e3o da holding\nfamiliar para aquela fam\u00edlia. Depois que a fam\u00edlia escolhe o modelo que melhor se\nencaixa nos seus objetivos come\u00e7a a terceira e \u00faltima fase que \u00e9 a constru\u00e7\u00e3o do Sistema de Holding Familiar.<\/p>\n\t\t\t\t\t\t<\/div>\n\n\t\t\t\t\t<\/li>\n\t\t\t\t\t\t\t<\/ul>\n\t\t<\/div>\n\t\t\t\t\t\t<\/div>\n\t\t\t\t<\/div>\n\t\t\t\t<div class=\"elementor-element elementor-element-28edd4a elementor-widget elementor-widget-spacer\" data-id=\"28edd4a\" data-element_type=\"widget\" data-widget_type=\"spacer.default\">\n\t\t\t\t<div class=\"elementor-widget-container\">\n\t\t\t\t\t\t\t<div class=\"elementor-spacer\">\n\t\t\t<div class=\"elementor-spacer-inner\"><\/div>\n\t\t<\/div>\n\t\t\t\t\t\t<\/div>\n\t\t\t\t<\/div>\n\t\t\t\t\t<\/div>\n\t\t<\/div>\n\t\t\t\t\t<\/div>\n\t\t<\/section>\n\t\t\t\t<section class=\"elementor-section elementor-top-section elementor-element elementor-element-4697dec4 elementor-section-boxed elementor-section-height-default elementor-section-height-default\" data-id=\"4697dec4\" data-element_type=\"section\" data-settings=\"{&quot;background_background&quot;:&quot;classic&quot;}\">\n\t\t\t\t\t\t<div class=\"elementor-container elementor-column-gap-default\">\n\t\t\t\t\t<div class=\"elementor-column elementor-col-50 elementor-top-column elementor-element elementor-element-63229110\" data-id=\"63229110\" data-element_type=\"column\">\n\t\t\t<div class=\"elementor-widget-wrap\">\n\t\t\t\t\t\t\t<\/div>\n\t\t<\/div>\n\t\t\t\t<div class=\"elementor-column elementor-col-50 elementor-top-column elementor-element elementor-element-34a26278\" data-id=\"34a26278\" data-element_type=\"column\">\n\t\t\t<div class=\"elementor-widget-wrap\">\n\t\t\t\t\t\t\t<\/div>\n\t\t<\/div>\n\t\t\t\t\t<\/div>\n\t\t<\/section>\n\t\t\t\t<\/div>\n\t\t","protected":false},"excerpt":{"rendered":"<p>HOLDING FAMILIAR \u00c9 A SOLU\u00c7\u00c3O CARLOS J\u00daNIOR Advogado inscrito na OAB-CE sob o n\u00famero 14152. Atendimento 100% digital. Atendimento presencial [&hellip;]<\/p>\n","protected":false},"author":123,"featured_media":0,"parent":0,"menu_order":67,"comment_status":"closed","ping_status":"closed","template":"elementor_canvas","meta":{"footnotes":""},"folder":[314],"class_list":["post-15557","page","type-page","status-publish","hentry","entry"],"_links":{"self":[{"href":"https:\/\/grupodecrescimento.com.br\/startup\/wp-json\/wp\/v2\/pages\/15557","targetHints":{"allow":["GET"]}}],"collection":[{"href":"https:\/\/grupodecrescimento.com.br\/startup\/wp-json\/wp\/v2\/pages"}],"about":[{"href":"https:\/\/grupodecrescimento.com.br\/startup\/wp-json\/wp\/v2\/types\/page"}],"author":[{"embeddable":true,"href":"https:\/\/grupodecrescimento.com.br\/startup\/wp-json\/wp\/v2\/users\/123"}],"replies":[{"embeddable":true,"href":"https:\/\/grupodecrescimento.com.br\/startup\/wp-json\/wp\/v2\/comments?post=15557"}],"version-history":[{"count":143,"href":"https:\/\/grupodecrescimento.com.br\/startup\/wp-json\/wp\/v2\/pages\/15557\/revisions"}],"predecessor-version":[{"id":15735,"href":"https:\/\/grupodecrescimento.com.br\/startup\/wp-json\/wp\/v2\/pages\/15557\/revisions\/15735"}],"wp:attachment":[{"href":"https:\/\/grupodecrescimento.com.br\/startup\/wp-json\/wp\/v2\/media?parent=15557"}],"wp:term":[{"taxonomy":"folder","embeddable":true,"href":"https:\/\/grupodecrescimento.com.br\/startup\/wp-json\/wp\/v2\/folder?post=15557"}],"curies":[{"name":"wp","href":"https:\/\/api.w.org\/{rel}","templated":true}]}}