{"id":10572,"date":"2021-06-01T17:09:04","date_gmt":"2021-06-01T20:09:04","guid":{"rendered":"https:\/\/grupodecrescimento.com.br\/startup\/?page_id=10572"},"modified":"2021-06-01T20:56:35","modified_gmt":"2021-06-01T23:56:35","slug":"bariatrica-leve-form","status":"publish","type":"page","link":"https:\/\/grupodecrescimento.com.br\/startup\/bariatrica-leve-form\/","title":{"rendered":"Bar\u00edatrica Leve Ebook Form"},"content":{"rendered":"\t\t<div data-elementor-type=\"wp-page\" data-elementor-id=\"10572\" class=\"elementor elementor-10572\" data-elementor-post-type=\"page\">\n\t\t\t\t\t\t<section class=\"elementor-section elementor-top-section elementor-element elementor-element-84fdafa elementor-section-boxed elementor-section-height-default elementor-section-height-default\" data-id=\"84fdafa\" data-element_type=\"section\">\n\t\t\t\t\t\t<div class=\"elementor-container elementor-column-gap-default\">\n\t\t\t\t\t<div class=\"elementor-column elementor-col-100 elementor-top-column elementor-element elementor-element-edb4d96\" data-id=\"edb4d96\" data-element_type=\"column\">\n\t\t\t<div class=\"elementor-widget-wrap\">\n\t\t\t\t\t\t\t<\/div>\n\t\t<\/div>\n\t\t\t\t\t<\/div>\n\t\t<\/section>\n\t\t\t\t<section class=\"elementor-section elementor-top-section elementor-element elementor-element-e96ccb0 elementor-section-boxed elementor-section-height-default elementor-section-height-default\" data-id=\"e96ccb0\" data-element_type=\"section\">\n\t\t\t\t\t\t<div class=\"elementor-container elementor-column-gap-default\">\n\t\t\t\t\t<div class=\"elementor-column elementor-col-100 elementor-top-column elementor-element elementor-element-9b37d73\" data-id=\"9b37d73\" data-element_type=\"column\">\n\t\t\t<div class=\"elementor-widget-wrap elementor-element-populated\">\n\t\t\t\t\t\t<div class=\"elementor-element elementor-element-2ec79cb elementor-widget elementor-widget-html\" data-id=\"2ec79cb\" data-element_type=\"widget\" data-widget_type=\"html.default\">\n\t\t\t\t<div class=\"elementor-widget-container\">\n\t\t\t\t\t<center>\n<style type=\"text\/css\" scoped>\n    .mauticform_wrapper { max-width: 600px; margin: 10px auto; color: #6f6f6f; font-weight: 400; font-family: 'Source Sans Pro', 'Helvetica Neue', 'Arial', 'sans-serif';font-size: 18px;}\n    .mauticform-innerform {}\n    .mauticform-post-success {}\n    .mauticform-name { font-weight: bold; font-size: 1.5em; margin-bottom: 3px; }\n    .mauticform-description { margin-top: 2px; margin-bottom: 10px; }\n    .mauticform-error { margin-bottom: 10px; color: red; }\n    .mauticform-message { margin-bottom: 10px;color: green; }\n    .mauticform-row { display: block; margin-bottom: 20px; }\n    .mauticform-label { font-size: 1.1em; display: block; font-weight: bold; margin-bottom: 5px; color: #21c5ba; }\n    .mauticform-row.mauticform-required .mauticform-label:after { color: #e32; content: \" *\"; display: inline; }\n    .mauticform-helpmessage { display: block; font-size: 0.9em; margin-bottom: 3px; }\n    .mauticform-errormsg { display: block; color: red; margin-top: 2px; }\n    .mauticform-selectbox, .mauticform-input, .mauticform-textarea { width: 100%; padding: 0.5em 0.5em; border: 0; border-bottom: 1px solid #21c5ba; background: #fff; box-sizing: border-box; }\n    .mauticform-checkboxgrp-row {}\n    .mauticform-checkboxgrp-label { font-weight: normal; }\n    .mauticform-checkboxgrp-checkbox {}\n    .mauticform-radiogrp-row {}\n    .mauticform-radiogrp-label { font-weight: normal; }\n    .mauticform-radiogrp-radio {}\n    .mauticform-button-wrapper .mauticform-button.btn-default { color: #21c5ba;background-color: #ffffff;border-color: #21c5ba;}\n    .mauticform-button-wrapper .mauticform-button { display: inline-block;margin-bottom: 0;font-weight: 600;text-align: center;vertical-align: middle;cursor: pointer;background-image: none;border: 1px solid transparent;white-space: nowrap;padding: 6px 12px;font-size: 18px;line-height: 1.3856;-webkit-user-select: none;-moz-user-select: none;-ms-user-select: none;user-select: none;}\n    .mauticform-button-wrapper .mauticform-button.btn-default[disabled] { background-color: #ffffff; border-color: #dddddd;}\n<\/style>\n\n<div id=\"mauticform_wrapper_flavioregisbariatricaleveebook10segredosvidaleve\" class=\"mauticform_wrapper\">\n    <form autocomplete=\"false\" role=\"form\" method=\"post\" action=\"https:\/\/mail.grupodecrescimento.com.br\/form\/submit?formId=46\" id=\"mauticform_flavioregisbariatricaleveebook10segredosvidaleve\" data-mautic-form=\"flavioregisbariatricaleveebook10segredosvidaleve\" enctype=\"multipart\/form-data\">\n        <div class=\"mauticform-error\" id=\"mauticform_flavioregisbariatricaleveebook10segredosvidaleve_error\"><\/div>\n        <div class=\"mauticform-message\" id=\"mauticform_flavioregisbariatricaleveebook10segredosvidaleve_message\"><\/div>\n        <div class=\"mauticform-innerform\">\n\n            \n          <div class=\"mauticform-page-wrapper mauticform-page-1\" data-mautic-form-page=\"1\">\n\n            <div id=\"mauticform_flavioregisbariatricaleveebook10segredosvidaleve_nome\" data-validate=\"nome\" data-validation-type=\"text\" class=\"mauticform-row mauticform-text mauticform-field-1 mauticform-required\">\n                <label id=\"mauticform_label_flavioregisbariatricaleveebook10segredosvidaleve_nome\" for=\"mauticform_input_flavioregisbariatricaleveebook10segredosvidaleve_nome\" class=\"mauticform-label\">Nome<\/label>\n                <input id=\"mauticform_input_flavioregisbariatricaleveebook10segredosvidaleve_nome\" name=\"mauticform[nome]\" value=\"\" style=\"  width: 80%; \" class=\"mauticform-input\" type=\"text\">\n                <span class=\"mauticform-errormsg\" style=\"display: none;\">Isso \u00e9 obrigat\u00f3rio.<\/span>\n            <\/div>\n\n            <div id=\"mauticform_flavioregisbariatricaleveebook10segredosvidaleve_sobrenome\" data-validate=\"sobrenome\" data-validation-type=\"text\" class=\"mauticform-row mauticform-text mauticform-field-2 mauticform-required\">\n                <label id=\"mauticform_label_flavioregisbariatricaleveebook10segredosvidaleve_sobrenome\" for=\"mauticform_input_flavioregisbariatricaleveebook10segredosvidaleve_sobrenome\" class=\"mauticform-label\">Sobrenome<\/label>\n                <input id=\"mauticform_input_flavioregisbariatricaleveebook10segredosvidaleve_sobrenome\" name=\"mauticform[sobrenome]\" value=\"\" style=\"  width: 80%; \" class=\"mauticform-input\" type=\"text\">\n                <span class=\"mauticform-errormsg\" style=\"display: none;\">Isso \u00e9 obrigat\u00f3rio.<\/span>\n            <\/div>\n\n            <div id=\"mauticform_flavioregisbariatricaleveebook10segredosvidaleve_email\" data-validate=\"email\" data-validation-type=\"email\" class=\"mauticform-row mauticform-email mauticform-field-3 mauticform-required\">\n                <label id=\"mauticform_label_flavioregisbariatricaleveebook10segredosvidaleve_email\" for=\"mauticform_input_flavioregisbariatricaleveebook10segredosvidaleve_email\" class=\"mauticform-label\">Email<\/label>\n                <input id=\"mauticform_input_flavioregisbariatricaleveebook10segredosvidaleve_email\" name=\"mauticform[email]\" value=\"\" style=\"  width: 80%; \" class=\"mauticform-input\" type=\"email\">\n                <span class=\"mauticform-errormsg\" style=\"display: none;\">Isso \u00e9 obrigat\u00f3rio.<\/span>\n            <\/div>\n\n            <div id=\"mauticform_flavioregisbariatricaleveebook10segredosvidaleve_whatsapp_com_ddd\" data-validate=\"whatsapp_com_ddd\" data-validation-type=\"tel\" class=\"mauticform-row mauticform-tel mauticform-field-4 mauticform-required\">\n                <label id=\"mauticform_label_flavioregisbariatricaleveebook10segredosvidaleve_whatsapp_com_ddd\" for=\"mauticform_input_flavioregisbariatricaleveebook10segredosvidaleve_whatsapp_com_ddd\" class=\"mauticform-label\">Whatsapp (com ddd)<\/label>\n                <span class=\"mauticform-helpmessage\">somente n\u00fameros. Ex: 2199999999<\/span>\n                <input id=\"mauticform_input_flavioregisbariatricaleveebook10segredosvidaleve_whatsapp_com_ddd\" name=\"mauticform[whatsapp_com_ddd]\" value=\"\" style=\"  width: 80%; \" class=\"mauticform-input\" type=\"tel\">\n                <span class=\"mauticform-errormsg\" style=\"display: none;\">somente n\u00fameros. Ex: 2199999999<\/span>\n            <\/div>\n\n            <div id=\"mauticform_flavioregisbariatricaleveebook10segredosvidaleve_voce_ja_fez_a_bariatrica\" class=\"mauticform-row mauticform-checkboxgrp mauticform-field-5\">\n                <label class=\"mauticform-label\" for=\"mauticform_checkboxgrp_checkbox_voce_ja_fez_a_bariatrica_naofizbariatrica1\">Voc\u00ea j\u00e1 fez a bari\u00e1trica?<\/label>\n                <div class=\"mauticform-checkboxgrp-row\">\n                    <label id=\"mauticform_checkboxgrp_label_voce_ja_fez_a_bariatrica_naofizbariatrica0\" for=\"mauticform_checkboxgrp_checkbox_voce_ja_fez_a_bariatrica_naofizbariatrica0\" class=\"mauticform-checkboxgrp-label\">\n                        <input class=\"mauticform-checkboxgrp-checkbox\" name=\"mauticform[voce_ja_fez_a_bariatrica][]\" id=\"mauticform_checkboxgrp_checkbox_voce_ja_fez_a_bariatrica_naofizbariatrica0\" type=\"checkbox\" value=\"n\u00e3o fiz bari\u00e1trica\">\n                        n\u00e3o fiz bari\u00e1trica\n                    <\/label>\n                <\/div>\n                <div class=\"mauticform-checkboxgrp-row\">\n                    <label id=\"mauticform_checkboxgrp_label_voce_ja_fez_a_bariatrica_jafizabariatrica1\" for=\"mauticform_checkboxgrp_checkbox_voce_ja_fez_a_bariatrica_jafizabariatrica1\" class=\"mauticform-checkboxgrp-label\">\n                        <input class=\"mauticform-checkboxgrp-checkbox\" name=\"mauticform[voce_ja_fez_a_bariatrica][]\" id=\"mauticform_checkboxgrp_checkbox_voce_ja_fez_a_bariatrica_jafizabariatrica1\" type=\"checkbox\" value=\"j\u00e1 fiz a bari\u00e1trica\">\n                        j\u00e1 fiz a bari\u00e1trica\n                    <\/label>\n                <\/div>\n                <span class=\"mauticform-errormsg\" style=\"display: none;\"><\/span>\n            <\/div>\n\n            <div id=\"mauticform_flavioregisbariatricaleveebook10segredosvidaleve_submit\" class=\"mauticform-row mauticform-button-wrapper mauticform-field-6\">\n                <button type=\"submit\" name=\"mauticform[submit]\" id=\"mauticform_input_flavioregisbariatricaleveebook10segredosvidaleve_submit\" value=\"\" style=\" color: #fff;background-color:#ffa305; font-size: 18px; text-align: center; padding: 15px 28px; line-height: 1em; width: 75%; display: block; border-radius: 5px; box-shadow: none;\" class=\"mauticform-button\">Baixar E-book<\/button>\n            <\/div>\n            <\/div>\n        <\/div>\n\n        <input type=\"hidden\" name=\"mauticform[formId]\" id=\"mauticform_flavioregisbariatricaleveebook10segredosvidaleve_id\" value=\"46\">\n        <input type=\"hidden\" name=\"mauticform[return]\" id=\"mauticform_flavioregisbariatricaleveebook10segredosvidaleve_return\" value=\"\">\n        <input type=\"hidden\" name=\"mauticform[formName]\" id=\"mauticform_flavioregisbariatricaleveebook10segredosvidaleve_name\" value=\"flavioregisbariatricaleveebook10segredosvidaleve\">\n\n        <\/form>\n<\/div>\n\n<\/center>\t\t\t\t<\/div>\n\t\t\t\t<\/div>\n\t\t\t\t\t<\/div>\n\t\t<\/div>\n\t\t\t\t\t<\/div>\n\t\t<\/section>\n\t\t\t\t<\/div>\n\t\t","protected":false},"excerpt":{"rendered":"<p>Nome Isso \u00e9 obrigat\u00f3rio. Sobrenome Isso \u00e9 obrigat\u00f3rio. Email Isso \u00e9 obrigat\u00f3rio. Whatsapp (com ddd) somente n\u00fameros. Ex: 2199999999 somente [&hellip;]<\/p>\n","protected":false},"author":1,"featured_media":0,"parent":0,"menu_order":132,"comment_status":"closed","ping_status":"closed","template":"elementor_canvas","meta":{"footnotes":""},"folder":[272],"class_list":["post-10572","page","type-page","status-publish","hentry","entry"],"_links":{"self":[{"href":"https:\/\/grupodecrescimento.com.br\/startup\/wp-json\/wp\/v2\/pages\/10572","targetHints":{"allow":["GET"]}}],"collection":[{"href":"https:\/\/grupodecrescimento.com.br\/startup\/wp-json\/wp\/v2\/pages"}],"about":[{"href":"https:\/\/grupodecrescimento.com.br\/startup\/wp-json\/wp\/v2\/types\/page"}],"author":[{"embeddable":true,"href":"https:\/\/grupodecrescimento.com.br\/startup\/wp-json\/wp\/v2\/users\/1"}],"replies":[{"embeddable":true,"href":"https:\/\/grupodecrescimento.com.br\/startup\/wp-json\/wp\/v2\/comments?post=10572"}],"version-history":[{"count":18,"href":"https:\/\/grupodecrescimento.com.br\/startup\/wp-json\/wp\/v2\/pages\/10572\/revisions"}],"predecessor-version":[{"id":10637,"href":"https:\/\/grupodecrescimento.com.br\/startup\/wp-json\/wp\/v2\/pages\/10572\/revisions\/10637"}],"wp:attachment":[{"href":"https:\/\/grupodecrescimento.com.br\/startup\/wp-json\/wp\/v2\/media?parent=10572"}],"wp:term":[{"taxonomy":"folder","embeddable":true,"href":"https:\/\/grupodecrescimento.com.br\/startup\/wp-json\/wp\/v2\/folder?post=10572"}],"curies":[{"name":"wp","href":"https:\/\/api.w.org\/{rel}","templated":true}]}}